{"id":7,"date":"2018-01-18T13:20:42","date_gmt":"2018-01-18T13:20:42","guid":{"rendered":"http:\/\/tierarzt-witt-suederholz.de\/?page_id=7"},"modified":"2026-02-05T09:22:33","modified_gmt":"2026-02-05T09:22:33","slug":"startseite","status":"publish","type":"page","link":"https:\/\/tierarzt-witt-suederholz.de\/","title":{"rendered":"Startseite"},"content":{"rendered":"<h1><img decoding=\"async\" loading=\"lazy\" class=\"size-full wp-image-42 alignleft\" src=\"http:\/\/tierarzt-witt-suederholz.de\/wp-content\/uploads\/2018\/01\/vet.png\" alt=\"\" width=\"96\" height=\"96\" \/>Unser Team versorgt Kleintiere<\/h1>\r\n<h1><strong>!!! URLAUB: 22.05. &#8211; 31.05.2026 !!!<\/strong><\/h1>\r\n<h1 style=\"font-weight: bolder;\">Sprechzeiten:<\/h1>\r\n<p>Montag\u00a0 \u00a0 \u00a0 \u00a017:00-19:00<\/p>\r\n<p>Mittwoch\u00a0 \u00a017:00-19:00<\/p>\r\n<p>Freitag\u00a0 \u00a0 \u00a0 \u00a0 9:00-11:00<\/p>\r\n<p>Dienstag und Donnerstag <strong>keine<\/strong> Sprechstunde &#8211;\u00a0sonstige Termine nach\u00a0 Vereinbarung.<\/p>\r\n<p><strong>Urlaubsvertretungvertretung \u00fcbernimmt Kollege L\u00fcttkem\u00f6ller<\/strong><\/p>\r\n<p><span style=\"font-size: 1rem;\">Gro\u00df Lehmhagener Dorfstra\u00dfe 32, 18507 Grimmen<\/span><\/p>\r\n<div class=\"wDYxhc\" data-attrid=\"kc:\/local:alt phone\" data-md=\"1006\" data-hveid=\"CCQQAA\" data-ved=\"2ahUKEwiEo8GW2_WOAxVGRvEDHWkbHyYQkCl6BAgkEAA\">\r\n<div class=\"Z1hOCe\">\r\n<div class=\"zloOqf PZPZlf\" data-dtype=\"d3ifr\" data-local-attribute=\"d3ph\" data-ved=\"2ahUKEwiEo8GW2_WOAxVGRvEDHWkbHyYQ8I0BKAB6BAgkEAE\"><span class=\"w8qArf FoJoyf\">Telefon:\u00a0<\/span><span class=\"LrzXr zdqRlf kno-fv\"><span aria-label=\"038326 2498 anrufen\">038326 2498<\/span><\/span><\/div>\r\n<\/div>\r\n<div data-dtype=\"d3ifr\" data-local-attribute=\"d3ph\" data-ved=\"2ahUKEwiEo8GW2_WOAxVGRvEDHWkbHyYQ8I0BKAB6BAgkEAE\">\u00a0<\/div>\r\n<\/div>\r\n<p><strong>Bereitschaftsdienste:<\/strong><\/p>\r\n<p><strong>06.02.26 + 24.02.26<\/strong><\/p>\r\n<p><br \/>!!! Tier\u00e4rtzlicher Klein- und Heimtier-Notdienst !!!<br \/><br \/><strong>01805 84 37 36<br \/><\/strong><em>(0,14\u20ac\/min aus dem dt. Festnetz \/ 0,42\u20ac\/min aus dem Mobilfunk)<\/em>\u00a0<br \/><br \/>Kontakt:<\/p>\r\n<p><strong>Festnetz:\u00a0<\/strong><strong>038332\/ 80306<\/strong><\/p>\r\n<p><strong>Mobil: 0151\/ 750 217 36<\/strong><\/p>\r\n<p>E-mail: <strong>elkeingeborg56@gmail.com<\/strong><\/p>\r\n<!-- \/wp:paragraph -->\r\n\r\n<!-- wp:paragraph --><!-- \/wp:paragraph -->","protected":false},"excerpt":{"rendered":"<p>Unser Team versorgt Kleintiere !!! URLAUB: 22.05. &#8211; 31.05.2026 !!! Sprechzeiten: Montag\u00a0 \u00a0 \u00a0 \u00a017:00-19:00 Mittwoch\u00a0 \u00a017:00-19:00 Freitag\u00a0 \u00a0 \u00a0 \u00a0 9:00-11:00 Dienstag und Donnerstag keine Sprechstunde &#8211;\u00a0sonstige Termine nach\u00a0 Vereinbarung. Urlaubsvertretungvertretung \u00fcbernimmt Kollege L\u00fcttkem\u00f6ller Gro\u00df Lehmhagener Dorfstra\u00dfe 32, 18507 Grimmen Telefon:\u00a0038326 2498 \u00a0 Bereitschaftsdienste: 06.02.26 + 24.02.26 !!! Tier\u00e4rtzlicher Klein- und Heimtier-Notdienst !!!01805 84 &hellip; <\/p>\n<p class=\"link-more\"><a href=\"https:\/\/tierarzt-witt-suederholz.de\/\" class=\"more-link\"><span class=\"screen-reader-text\">\u201eStartseite\u201c<\/span> weiterlesen<\/a><\/p>\n","protected":false},"author":1,"featured_media":52,"parent":0,"menu_order":0,"comment_status":"closed","ping_status":"closed","template":"","meta":[],"_links":{"self":[{"href":"https:\/\/tierarzt-witt-suederholz.de\/index.php?rest_route=\/wp\/v2\/pages\/7"}],"collection":[{"href":"https:\/\/tierarzt-witt-suederholz.de\/index.php?rest_route=\/wp\/v2\/pages"}],"about":[{"href":"https:\/\/tierarzt-witt-suederholz.de\/index.php?rest_route=\/wp\/v2\/types\/page"}],"author":[{"embeddable":true,"href":"https:\/\/tierarzt-witt-suederholz.de\/index.php?rest_route=\/wp\/v2\/users\/1"}],"replies":[{"embeddable":true,"href":"https:\/\/tierarzt-witt-suederholz.de\/index.php?rest_route=%2Fwp%2Fv2%2Fcomments&post=7"}],"version-history":[{"count":77,"href":"https:\/\/tierarzt-witt-suederholz.de\/index.php?rest_route=\/wp\/v2\/pages\/7\/revisions"}],"predecessor-version":[{"id":291,"href":"https:\/\/tierarzt-witt-suederholz.de\/index.php?rest_route=\/wp\/v2\/pages\/7\/revisions\/291"}],"wp:featuredmedia":[{"embeddable":true,"href":"https:\/\/tierarzt-witt-suederholz.de\/index.php?rest_route=\/wp\/v2\/media\/52"}],"wp:attachment":[{"href":"https:\/\/tierarzt-witt-suederholz.de\/index.php?rest_route=%2Fwp%2Fv2%2Fmedia&parent=7"}],"curies":[{"name":"wp","href":"https:\/\/api.w.org\/{rel}","templated":true}]}}